{"id":553,"date":"2016-06-18T12:23:27","date_gmt":"2016-06-18T11:23:27","guid":{"rendered":"http:\/\/cortijovillarosa.com\/ccmw\/?page_id=553"},"modified":"2016-06-18T12:23:27","modified_gmt":"2016-06-18T11:23:27","slug":"privacy-policy","status":"publish","type":"page","link":"https:\/\/costacalidamedicalwellness.com\/es\/privacy-policy\/","title":{"rendered":"Privacy Policy"},"content":{"rendered":"\n<style type=\"text\/css\" data-created_by=\"avia_inline_auto\" id=\"style-css-av-av_image-808642f06b610bf2008f86abb7f432e2\">\n.avia-image-container.av-av_image-808642f06b610bf2008f86abb7f432e2 img.avia_image{\nbox-shadow:none;\n}\n.avia-image-container.av-av_image-808642f06b610bf2008f86abb7f432e2 .av-caption-image-overlay-bg{\nopacity:0.4;\nbackground-color:#000000;\n}\n.avia-image-container.av-av_image-808642f06b610bf2008f86abb7f432e2 .av-image-caption-overlay-center{\ncolor:#ffffff;\n}\n<\/style>\n<div  class='avia-image-container av-av_image-808642f06b610bf2008f86abb7f432e2 av-styling- av-hover-grow avia-align-center  avia-builder-el-0  el_before_av_textblock  avia-builder-el-first  noHover av-overlay-hover-deactivate'   itemprop=\"image\" itemscope=\"itemscope\" itemtype=\"https:\/\/schema.org\/ImageObject\" ><div class=\"avia-image-container-inner\"><div class=\"avia-image-overlay-wrap\"><div class=\"av-image-caption-overlay\"><div class=\"av-caption-image-overlay-bg\"><\/div><div class=\"av-image-caption-overlay-position\"><div class=\"av-image-caption-overlay-center\"><p>HOLIDAY IN HEALTH<\/p>\n<\/div><\/div><\/div><img decoding=\"async\" class='wp-image-554 avia-img-lazy-loading-not-554 avia_image ' src=\"https:\/\/i0.wp.com\/costacalidamedicalwellness.com\/es\/wp-content\/uploads\/2016\/06\/emotionheader738526-1.jpg?fit=%2C&ssl=1\" alt='' title='emotionheader738526-1'   itemprop=\"thumbnailUrl\"  \/><\/div><\/div><\/div>\n<section  class='av_textblock_section av-av_textblock-0366cc7376be6c9e82a3e9cc8987b64f'  itemscope=\"itemscope\" itemtype=\"https:\/\/schema.org\/CreativeWork\" ><div class='avia_textblock'  itemprop=\"text\" ><div class=\"n diyfeLiveArea\">\n<p style=\"text-align: justify;\">This website is designed to supply useful information but is not to be regarded as advice specific to any particular case. It does not replace the need for a thorough consultation and all prospective patients should seek the advice of a suitably qualified medical practitioner. Costa Calida Medical Wellness accepts no liability for any decision taken by the reader in respect of the treatment they decide to undertake.<\/p>\n<p style=\"text-align: justify;\"><strong>Our Privacy Commitment to our Customers<\/strong><\/p>\n<p style=\"text-align: justify;\">Costa Calida MEDICAL WELLNESS are committed to protecting and respecting your privacy. This policy sets out why we collect data from you and how it will be processed by us. Please read the policy carefully so that you understand our views and practices and how we will treat your data. The data you give to us is confidential and is only disclosed in the circumstances noted in this policy.<\/p>\n<p style=\"text-align: justify;\">By purchasing services from us, by using or by browsing our website on a computer, mobile device or mobile phone application, you give your consent for this personal information to be used by us or by our parteners companies.<\/p>\n<p style=\"text-align: justify;\">For the purposes of the\u00a0\u00a0Ley Org\u00e1nica 15\/1999, de Protecci\u00f3n de datos de car\u00e1cter personal\u00a0and\u00a0Ley 34\/2002, del 11 de julio, de servicios de la Sociedad de la Informaci\u00f3n y Comercio Electr\u00f3nico (LSSICE)\u00a0If you have any questions regarding this policy or in respect to data privacy, our contact details are;<\/p>\n<p style=\"text-align: justify;\">Denominaci\u00f3n social:<\/p>\n<p style=\"text-align: justify;\">Centro de Medicina Estetica Juan Jose Cervantes<\/p>\n<p style=\"text-align: justify;\">Costa Calida Medical Wellness<\/p>\n<p style=\"text-align: justify;\">N\u00famero de identificaci\u00f3n fiscal:<\/p>\n<p style=\"text-align: justify;\">02.523.566Y<\/p>\n<p style=\"text-align: justify;\">Domicilio social:<\/p>\n<p style=\"text-align: justify;\">Calle S\u00e1nchez Madrigal 8-2b<\/p>\n<p style=\"text-align: justify;\">30004\u00a0Murcia<\/p>\n<p style=\"text-align: justify;\">Correo electr\u00f3nico:<\/p>\n<p style=\"text-align: justify;\">info@costacalidamedicalwellness.com<\/p>\n<p style=\"text-align: justify;\">\u00a0Tel\u00e9fono:<\/p>\n<p style=\"text-align: justify;\">+34 (968) 219284<\/p>\n<p style=\"text-align: justify;\">Costa Calida MEDICAL WELLNESS\u00a0 processes your data in accordance with all applicable regulations and legislations. We ensure that we collect the information fairly and that it is kept secure<\/p>\n<\/div>\n<div class=\"n diyfeLiveArea\" style=\"text-align: justify;\">\n<p><strong><span lang=\"IT\" xml:lang=\"IT\">Costa Calida MEDICAL WELLNESS is member and adopt goog practice of :<\/span><\/strong><\/p>\n<p>C\u00f3digo deontol\u00f3gico de la Organizaci\u00f3n M\u00e9dica Colegial de Espa\u00f1a<\/p>\n<p><a class=\"imagewrapper\" href=\"https:\/\/i0.wp.com\/www.costacalidamedicalwellness.com\/s\/cc_images\/teaserbox_416004.png\" rel=\"lightbox[784101]\"><img data-recalc-dims=\"1\" decoding=\"async\" id=\"image_416004\" class=\"alignnone\" src=\"https:\/\/i0.wp.com\/www.costacalidamedicalwellness.com\/s\/cc_images\/cache_416004.png?w=1500\" alt=\"\" \/><\/a><\/p>\n<p>C\u00f3digo \u00e9tico de los miembros de la Sociedad Espa\u00f1ola de medicina y cirug\u00eda cosm\u00e9tica<br \/>\n<a class=\"imagewrapper\" href=\"https:\/\/i0.wp.com\/www.costacalidamedicalwellness.com\/s\/cc_images\/teaserbox_416356.jpg\" rel=\"lightbox[784787]\"><img data-recalc-dims=\"1\" decoding=\"async\" id=\"image_416356\" class=\"alignnone\" src=\"https:\/\/i0.wp.com\/www.costacalidamedicalwellness.com\/s\/cc_images\/cache_416356.jpg?w=1500\" alt=\"\" \/><\/a><\/p>\n<p>C\u00f3digo \u00e9tico de los miembros de la Sociedad Espa\u00f1ola de \u00a0cirugia plastica estetica y reparadora<\/p>\n<p><a class=\"imagewrapper\" href=\"https:\/\/i0.wp.com\/www.costacalidamedicalwellness.com\/s\/cc_images\/teaserbox_416607.png\" rel=\"lightbox[784985]\"><img data-recalc-dims=\"1\" decoding=\"async\" id=\"image_416607\" class=\"alignnone\" src=\"https:\/\/i0.wp.com\/www.costacalidamedicalwellness.com\/s\/cc_images\/cache_416607.png?w=1500\" alt=\"\" \/><\/a><\/p>\n<p>C\u00f3digo \u00e9tico de los miembros de la Sociedad Espa\u00f1ola de \u00a0medicina est\u00e9tica<\/p>\n<\/div>\n<div class=\"n diyfeLiveArea\" style=\"text-align: justify;\"><\/div>\n<div class=\"n diyfeLiveArea\" style=\"text-align: justify;\"><\/div>\n<div class=\"n diyfeLiveArea\" style=\"text-align: justify;\"><\/div>\n<div class=\"n diyfeLiveArea\" style=\"text-align: justify;\">\n<div id=\"imageSubtitle-785496\" class=\"clearover imageSubtitle\">\n<div class=\"align-container align-left\"><a class=\"imagewrapper\" href=\"https:\/\/i0.wp.com\/www.costacalidamedicalwellness.com\/s\/cc_images\/teaserbox_417011.png\" rel=\"lightbox[785496]\"><img data-recalc-dims=\"1\" decoding=\"async\" id=\"image_417011\" class=\"alignnone\" src=\"https:\/\/i0.wp.com\/www.costacalidamedicalwellness.com\/s\/cc_images\/cache_417011.png?w=1500\" alt=\"\" \/><\/a><\/div>\n<\/div>\n<\/div>\n<div class=\"n diyfeLiveArea\">\n<p style=\"text-align: justify;\"><span lang=\"NL\" xml:lang=\"NL\">Este sitio web ha sido creado por la empresa\u00a0Costa Calida MEDICAL WELLNESS\u00a0con car\u00e1cter informativo y para uso personal de los usuarios.A trav\u00e9s de este Aviso legal, se pretende regular el acceso y uso de este sitio web, as\u00ed como la relaci\u00f3n entre el sitio web y sus usuarios.<\/span>\u00a0<span lang=\"IT\" xml:lang=\"IT\">Accediendo a este sitio web se aceptan sus t\u00e9rminos y condiciones: El acceso a este sitio web es responsabilidad exclusiva de los usuarios.<\/span><\/p>\n<p style=\"text-align: justify;\"><span lang=\"IT\" xml:lang=\"IT\">\u00a0<\/span>El simple acceso a este sitio web no supone entablar ning\u00fan tipo de relaci\u00f3n comercial entre\u00a0Costa Calida MEDICAL WELLNESS\u00a0y el usuario.<\/p>\n<p style=\"text-align: justify;\"><span lang=\"IT\" xml:lang=\"IT\">\u00a0<\/span>El acceso y la navegaci\u00f3n en este sitio web supone aceptar y conocer las advertencias legales, condiciones y t\u00e9rminos de uso contenidas en ella.<\/p>\n<p style=\"text-align: justify;\"><span lang=\"IT\" xml:lang=\"IT\">\u00a0<\/span>El titular del sitio web puede ofrecer servicios o productos que podr\u00e1n encontrarse sometidos a unas condiciones particulares propias que, seg\u00fan los casos, sustituyan, completen y\/o modifiquen las presentes condiciones, y sobre las cuales se informar\u00e1 al usuario en cada caso concreto.<\/p>\n<\/div>\n<\/div><\/section>\n","protected":false},"excerpt":{"rendered":"","protected":false},"author":1,"featured_media":0,"parent":0,"menu_order":0,"comment_status":"closed","ping_status":"closed","template":"","meta":{"footnotes":""},"class_list":["post-553","page","type-page","status-publish","hentry"],"yoast_head":"<!-- This site is optimized with the Yoast SEO plugin v27.5 - https:\/\/yoast.com\/product\/yoast-seo-wordpress\/ -->\n<title>Privacy Policy - Costa Calida Medical Wellness<\/title>\n<meta name=\"robots\" content=\"index, follow, max-snippet:-1, max-image-preview:large, max-video-preview:-1\" \/>\n<link rel=\"canonical\" href=\"https:\/\/costacalidamedicalwellness.com\/es\/privacy-policy\/\" \/>\n<meta property=\"og:locale\" content=\"es_ES\" \/>\n<meta property=\"og:type\" content=\"article\" \/>\n<meta property=\"og:title\" content=\"Privacy Policy - Costa Calida Medical Wellness\" \/>\n<meta property=\"og:url\" content=\"https:\/\/costacalidamedicalwellness.com\/es\/privacy-policy\/\" \/>\n<meta property=\"og:site_name\" content=\"Costa Calida Medical Wellness\" \/>\n<meta property=\"og:image\" content=\"http:\/\/www.costacalidamedicalwellness.com\/s\/cc_images\/cache_416004.png?t=1463399455\" \/>\n<meta name=\"twitter:card\" content=\"summary_large_image\" \/>\n<meta name=\"twitter:label1\" content=\"Tiempo de lectura\" \/>\n\t<meta name=\"twitter:data1\" content=\"3 minutos\" \/>\n<script type=\"application\/ld+json\" class=\"yoast-schema-graph\">{\"@context\":\"https:\\\/\\\/schema.org\",\"@graph\":[{\"@type\":\"WebPage\",\"@id\":\"https:\\\/\\\/costacalidamedicalwellness.com\\\/es\\\/privacy-policy\\\/\",\"url\":\"https:\\\/\\\/costacalidamedicalwellness.com\\\/es\\\/privacy-policy\\\/\",\"name\":\"Privacy Policy - Costa Calida Medical Wellness\",\"isPartOf\":{\"@id\":\"https:\\\/\\\/costacalidamedicalwellness.com\\\/es\\\/#website\"},\"primaryImageOfPage\":{\"@id\":\"https:\\\/\\\/costacalidamedicalwellness.com\\\/es\\\/privacy-policy\\\/#primaryimage\"},\"image\":{\"@id\":\"https:\\\/\\\/costacalidamedicalwellness.com\\\/es\\\/privacy-policy\\\/#primaryimage\"},\"thumbnailUrl\":\"http:\\\/\\\/www.costacalidamedicalwellness.com\\\/s\\\/cc_images\\\/cache_416004.png?t=1463399455\",\"datePublished\":\"2016-06-18T11:23:27+00:00\",\"breadcrumb\":{\"@id\":\"https:\\\/\\\/costacalidamedicalwellness.com\\\/es\\\/privacy-policy\\\/#breadcrumb\"},\"inLanguage\":\"es\",\"potentialAction\":[{\"@type\":\"ReadAction\",\"target\":[\"https:\\\/\\\/costacalidamedicalwellness.com\\\/es\\\/privacy-policy\\\/\"]}]},{\"@type\":\"ImageObject\",\"inLanguage\":\"es\",\"@id\":\"https:\\\/\\\/costacalidamedicalwellness.com\\\/es\\\/privacy-policy\\\/#primaryimage\",\"url\":\"http:\\\/\\\/www.costacalidamedicalwellness.com\\\/s\\\/cc_images\\\/cache_416004.png?t=1463399455\",\"contentUrl\":\"http:\\\/\\\/www.costacalidamedicalwellness.com\\\/s\\\/cc_images\\\/cache_416004.png?t=1463399455\"},{\"@type\":\"BreadcrumbList\",\"@id\":\"https:\\\/\\\/costacalidamedicalwellness.com\\\/es\\\/privacy-policy\\\/#breadcrumb\",\"itemListElement\":[{\"@type\":\"ListItem\",\"position\":1,\"name\":\"Portada\",\"item\":\"https:\\\/\\\/costacalidamedicalwellness.com\\\/es\\\/\"},{\"@type\":\"ListItem\",\"position\":2,\"name\":\"Privacy Policy\"}]},{\"@type\":\"WebSite\",\"@id\":\"https:\\\/\\\/costacalidamedicalwellness.com\\\/es\\\/#website\",\"url\":\"https:\\\/\\\/costacalidamedicalwellness.com\\\/es\\\/\",\"name\":\"Costa Calida Medical Wellness\",\"description\":\"Salud personal, nutrici\u00f3n y coach en Espa\u00f1a.\",\"potentialAction\":[{\"@type\":\"SearchAction\",\"target\":{\"@type\":\"EntryPoint\",\"urlTemplate\":\"https:\\\/\\\/costacalidamedicalwellness.com\\\/es\\\/?s={search_term_string}\"},\"query-input\":{\"@type\":\"PropertyValueSpecification\",\"valueRequired\":true,\"valueName\":\"search_term_string\"}}],\"inLanguage\":\"es\"}]}<\/script>\n<!-- \/ Yoast SEO plugin. -->","yoast_head_json":{"title":"Privacy Policy - Costa Calida Medical Wellness","robots":{"index":"index","follow":"follow","max-snippet":"max-snippet:-1","max-image-preview":"max-image-preview:large","max-video-preview":"max-video-preview:-1"},"canonical":"https:\/\/costacalidamedicalwellness.com\/es\/privacy-policy\/","og_locale":"es_ES","og_type":"article","og_title":"Privacy Policy - Costa Calida Medical Wellness","og_url":"https:\/\/costacalidamedicalwellness.com\/es\/privacy-policy\/","og_site_name":"Costa Calida Medical Wellness","og_image":[{"url":"http:\/\/www.costacalidamedicalwellness.com\/s\/cc_images\/cache_416004.png?t=1463399455","type":"","width":"","height":""}],"twitter_card":"summary_large_image","twitter_misc":{"Tiempo de lectura":"3 minutos"},"schema":{"@context":"https:\/\/schema.org","@graph":[{"@type":"WebPage","@id":"https:\/\/costacalidamedicalwellness.com\/es\/privacy-policy\/","url":"https:\/\/costacalidamedicalwellness.com\/es\/privacy-policy\/","name":"Privacy Policy - Costa Calida Medical Wellness","isPartOf":{"@id":"https:\/\/costacalidamedicalwellness.com\/es\/#website"},"primaryImageOfPage":{"@id":"https:\/\/costacalidamedicalwellness.com\/es\/privacy-policy\/#primaryimage"},"image":{"@id":"https:\/\/costacalidamedicalwellness.com\/es\/privacy-policy\/#primaryimage"},"thumbnailUrl":"http:\/\/www.costacalidamedicalwellness.com\/s\/cc_images\/cache_416004.png?t=1463399455","datePublished":"2016-06-18T11:23:27+00:00","breadcrumb":{"@id":"https:\/\/costacalidamedicalwellness.com\/es\/privacy-policy\/#breadcrumb"},"inLanguage":"es","potentialAction":[{"@type":"ReadAction","target":["https:\/\/costacalidamedicalwellness.com\/es\/privacy-policy\/"]}]},{"@type":"ImageObject","inLanguage":"es","@id":"https:\/\/costacalidamedicalwellness.com\/es\/privacy-policy\/#primaryimage","url":"http:\/\/www.costacalidamedicalwellness.com\/s\/cc_images\/cache_416004.png?t=1463399455","contentUrl":"http:\/\/www.costacalidamedicalwellness.com\/s\/cc_images\/cache_416004.png?t=1463399455"},{"@type":"BreadcrumbList","@id":"https:\/\/costacalidamedicalwellness.com\/es\/privacy-policy\/#breadcrumb","itemListElement":[{"@type":"ListItem","position":1,"name":"Portada","item":"https:\/\/costacalidamedicalwellness.com\/es\/"},{"@type":"ListItem","position":2,"name":"Privacy Policy"}]},{"@type":"WebSite","@id":"https:\/\/costacalidamedicalwellness.com\/es\/#website","url":"https:\/\/costacalidamedicalwellness.com\/es\/","name":"Costa Calida Medical Wellness","description":"Salud personal, nutrici\u00f3n y coach en Espa\u00f1a.","potentialAction":[{"@type":"SearchAction","target":{"@type":"EntryPoint","urlTemplate":"https:\/\/costacalidamedicalwellness.com\/es\/?s={search_term_string}"},"query-input":{"@type":"PropertyValueSpecification","valueRequired":true,"valueName":"search_term_string"}}],"inLanguage":"es"}]}},"jetpack_sharing_enabled":true,"jetpack_shortlink":"https:\/\/wp.me\/P7QSgo-8V","jetpack-related-posts":[{"id":445,"url":"https:\/\/costacalidamedicalwellness.com\/es\/all-inclusive\/","url_meta":{"origin":553,"position":0},"title":"All Inclusive","author":"W3mast3ra","date":"17 junio, 2016","format":false,"excerpt":"","rel":"","context":"Entrada similar","block_context":{"text":"Entrada similar","link":""},"img":{"alt_text":"","src":"","width":0,"height":0},"classes":[]},{"id":521,"url":"https:\/\/costacalidamedicalwellness.com\/es\/tratamientos\/genital-rejuvenation\/","url_meta":{"origin":553,"position":1},"title":"Genital Rejuvenation","author":"W3mast3ra","date":"18 junio, 2016","format":false,"excerpt":"","rel":"","context":"Entrada similar","block_context":{"text":"Entrada similar","link":""},"img":{"alt_text":"","src":"","width":0,"height":0},"classes":[]},{"id":509,"url":"https:\/\/costacalidamedicalwellness.com\/es\/tratamientos\/chequeo-anti-envejecimiento\/","url_meta":{"origin":553,"position":2},"title":"Anti-Aging Check-Up","author":"W3mast3ra","date":"18 junio, 2016","format":false,"excerpt":"","rel":"","context":"Entrada similar","block_context":{"text":"Entrada similar","link":""},"img":{"alt_text":"","src":"","width":0,"height":0},"classes":[]},{"id":434,"url":"https:\/\/costacalidamedicalwellness.com\/es\/tratamientos\/","url_meta":{"origin":553,"position":3},"title":"Treatments","author":"W3mast3ra","date":"17 junio, 2016","format":false,"excerpt":"","rel":"","context":"Entrada similar","block_context":{"text":"Entrada similar","link":""},"img":{"alt_text":"","src":"","width":0,"height":0},"classes":[]},{"id":143,"url":"https:\/\/costacalidamedicalwellness.com\/es\/","url_meta":{"origin":553,"position":4},"title":"Home","author":"W3mast3ra","date":"19 mayo, 2016","format":false,"excerpt":"","rel":"","context":"Entrada similar","block_context":{"text":"Entrada similar","link":""},"img":{"alt_text":"","src":"","width":0,"height":0},"classes":[]},{"id":431,"url":"https:\/\/costacalidamedicalwellness.com\/es\/terms-conditions\/","url_meta":{"origin":553,"position":5},"title":"Terms and Conditions","author":"W3mast3ra","date":"17 junio, 2016","format":false,"excerpt":"","rel":"","context":"Entrada similar","block_context":{"text":"Entrada similar","link":""},"img":{"alt_text":"","src":"","width":0,"height":0},"classes":[]}],"_links":{"self":[{"href":"https:\/\/costacalidamedicalwellness.com\/es\/wp-json\/wp\/v2\/pages\/553","targetHints":{"allow":["GET"]}}],"collection":[{"href":"https:\/\/costacalidamedicalwellness.com\/es\/wp-json\/wp\/v2\/pages"}],"about":[{"href":"https:\/\/costacalidamedicalwellness.com\/es\/wp-json\/wp\/v2\/types\/page"}],"author":[{"embeddable":true,"href":"https:\/\/costacalidamedicalwellness.com\/es\/wp-json\/wp\/v2\/users\/1"}],"replies":[{"embeddable":true,"href":"https:\/\/costacalidamedicalwellness.com\/es\/wp-json\/wp\/v2\/comments?post=553"}],"version-history":[{"count":0,"href":"https:\/\/costacalidamedicalwellness.com\/es\/wp-json\/wp\/v2\/pages\/553\/revisions"}],"wp:attachment":[{"href":"https:\/\/costacalidamedicalwellness.com\/es\/wp-json\/wp\/v2\/media?parent=553"}],"curies":[{"name":"wp","href":"https:\/\/api.w.org\/{rel}","templated":true}]}}