{"id":509,"date":"2016-06-18T09:36:55","date_gmt":"2016-06-18T08:36:55","guid":{"rendered":"http:\/\/cortijovillarosa.com\/ccmw\/?page_id=509"},"modified":"2016-09-06T09:20:10","modified_gmt":"2016-09-06T09:20:10","slug":"chequeo-anti-envejecimiento","status":"publish","type":"page","link":"https:\/\/costacalidamedicalwellness.com\/es\/tratamientos\/chequeo-anti-envejecimiento\/","title":{"rendered":"Anti-Aging Check-Up"},"content":{"rendered":"\n<style type=\"text\/css\" data-created_by=\"avia_inline_auto\" id=\"style-css-av-av_one_full-6126cab7d8fab8d08143dd2dacdf673c\">\n.flex_column.av-av_one_full-6126cab7d8fab8d08143dd2dacdf673c{\n-webkit-border-radius:0px 0px 0px 0px;\n-moz-border-radius:0px 0px 0px 0px;\nborder-radius:0px 0px 0px 0px;\npadding:0px 0px 0px 0px;\n}\n<\/style>\n<div class='flex_column av-av_one_full-6126cab7d8fab8d08143dd2dacdf673c av_one_full  avia-builder-el-0  avia-builder-el-no-sibling  first flex_column_div av-zero-column-padding '     ><p>\n<style type=\"text\/css\" data-created_by=\"avia_inline_auto\" id=\"style-css-av-av_heading-e45ae070c209aca29afa1a3b224a7a8b\">\n#top .av-special-heading.av-av_heading-e45ae070c209aca29afa1a3b224a7a8b{\npadding-bottom:30px;\nfont-size:50px;\n}\nbody .av-special-heading.av-av_heading-e45ae070c209aca29afa1a3b224a7a8b .av-special-heading-tag .heading-char{\nfont-size:25px;\n}\n#top #wrap_all .av-special-heading.av-av_heading-e45ae070c209aca29afa1a3b224a7a8b .av-special-heading-tag{\nfont-size:50px;\n}\n.av-special-heading.av-av_heading-e45ae070c209aca29afa1a3b224a7a8b .av-subheading{\nfont-size:15px;\n}\n\n@media only screen and (min-width: 480px) and (max-width: 767px){ \n#top #wrap_all .av-special-heading.av-av_heading-e45ae070c209aca29afa1a3b224a7a8b .av-special-heading-tag{\nfont-size:0.8em;\n}\n}\n\n@media only screen and (max-width: 479px){ \n#top #wrap_all .av-special-heading.av-av_heading-e45ae070c209aca29afa1a3b224a7a8b .av-special-heading-tag{\nfont-size:0.8em;\n}\n}\n<\/style>\n<div  class='av-special-heading av-av_heading-e45ae070c209aca29afa1a3b224a7a8b av-special-heading-h1 meta-heading blockquote modern-quote  avia-builder-el-1  el_before_av_slideshow  avia-builder-el-first  av-inherit-size'><h1 class='av-special-heading-tag'  itemprop=\"headline\"  > CHEQUEO ANTI-ENVEJECIMIENTO <\/h1><div class=\"special-heading-border\"><div class=\"special-heading-inner-border\"><\/div><\/div><\/div><br \/>\n<div  class='avia-slideshow av-av_slideshow-1124034d4df905314a69bb18cc854f74 avia-slideshow-no scaling av_slideshow avia-fade-slider  avia-builder-el-2  el_after_av_heading  el_before_av_textblock  av-slideshow-ui av-slideshow-manual av-loop-once av-loop-manual-endless av-default-height-applied avia-slideshow-1' data-slideshow-options=\"{&quot;animation&quot;:&quot;fade&quot;,&quot;autoplay&quot;:false,&quot;loop_autoplay&quot;:&quot;once&quot;,&quot;interval&quot;:5,&quot;loop_manual&quot;:&quot;manual-endless&quot;,&quot;autoplay_stopper&quot;:false,&quot;noNavigation&quot;:false,&quot;bg_slider&quot;:false,&quot;keep_padding&quot;:false,&quot;hoverpause&quot;:false,&quot;show_slide_delay&quot;:0}\"  itemprop=\"image\" itemscope=\"itemscope\" itemtype=\"https:\/\/schema.org\/ImageObject\" ><ul class='avia-slideshow-inner ' style='padding-bottom: 56.086956521739%;'><li  class='avia-slideshow-slide av-av_slideshow-1124034d4df905314a69bb18cc854f74__0  av-single-slide slide-1 slide-odd'><div data-rel='slideshow-1' class='avia-slide-wrap '   ><img data-recalc-dims=\"1\" decoding=\"async\" class=\"wp-image-510 avia-img-lazy-loading-not-510\"  src=\"https:\/\/i0.wp.com\/costacalidamedicalwellness.com\/es\/wp-content\/uploads\/2016\/06\/emotionheader.jpg?resize=920%2C516&#038;ssl=1\" width=\"920\" height=\"516\" title='emotionheader' alt=''  itemprop=\"thumbnailUrl\" srcset=\"https:\/\/i0.wp.com\/costacalidamedicalwellness.com\/es\/wp-content\/uploads\/2016\/06\/emotionheader.jpg?w=920&amp;ssl=1 920w, https:\/\/i0.wp.com\/costacalidamedicalwellness.com\/es\/wp-content\/uploads\/2016\/06\/emotionheader.jpg?resize=300%2C168&amp;ssl=1 300w, https:\/\/i0.wp.com\/costacalidamedicalwellness.com\/es\/wp-content\/uploads\/2016\/06\/emotionheader.jpg?resize=768%2C431&amp;ssl=1 768w, https:\/\/i0.wp.com\/costacalidamedicalwellness.com\/es\/wp-content\/uploads\/2016\/06\/emotionheader.jpg?resize=705%2C395&amp;ssl=1 705w, https:\/\/i0.wp.com\/costacalidamedicalwellness.com\/es\/wp-content\/uploads\/2016\/06\/emotionheader.jpg?resize=450%2C252&amp;ssl=1 450w\" sizes=\"(max-width: 920px) 100vw, 920px\" \/><\/div><\/li><\/ul><\/div><br \/>\n<section  class='av_textblock_section av-av_textblock-0366cc7376be6c9e82a3e9cc8987b64f'  itemscope=\"itemscope\" itemtype=\"https:\/\/schema.org\/CreativeWork\" ><div class='avia_textblock'  itemprop=\"text\" ><div class=\"n diyfeLiveArea\">\n<p style=\"text-align: justify;\">El objetivo de la medicina anti-envejecimiento es promover una vida saludable, mejorar la calidad de vida (QOL), y con ello lograr la longevidad saludable.<\/p>\n<p style=\"text-align: justify;\">La medicina antienvejecimiento se encarga de reconocer los mecanismos del envejecimiento y la senescencia a trav\u00e9s de una colaboraci\u00f3n t\u00e9cnico-medica multidisciplinar que determina el grado de envejecimiento a trav\u00e9s de un chequeo, y establece el mejor enfoque para alcanzar la longevidad saludable. Los objetivos espec\u00edficos incluyen evitar que las personas, conforme avanzan en edad, se conviertan en personas dependientes o dementes, y la prevenci\u00f3n del c\u00e1ncer.<\/p>\n<p style=\"text-align: justify;\">Costa C\u00e1lida Medical Wellness le ofrece un programa avanzado de la medicina antienvejecimiento, \u00a0utilizando los \u00faltimos avances en medicina biol\u00f3gica, productos anti-edad y el diagn\u00f3stico preciso de la condici\u00f3n celular y la oxidaci\u00f3n.<\/p>\n<p style=\"text-align: justify;\">La revisi\u00f3n m\u00e9dica Anti-Aging consiste en:<\/p>\n<ul style=\"text-align: justify;\">\n<li>Chequeo Anti-Aging<\/li>\n<li>El estudio gen\u00e9tico<\/li>\n<li>An\u00e1lisis de los tel\u00f3meros de ADN<\/li>\n<li>Controles cardiovasculares<\/li>\n<li>Estudio de balances hormonales<\/li>\n<li>Estudio gen\u00e9tico y molecular (riesgo gen\u00e9tico personal)<\/li>\n<li>Estado nutricional y oligoelementos<\/li>\n<li>Sistema inmunitario (defensas)<\/li>\n<li>Equilibrio del pH y \u00e1cido-base<\/li>\n<li>El metabolismo aer\u00f3bico y reserva<\/li>\n<li>Tomograf\u00eda por Emisi\u00f3n de Positrones (PET)<\/li>\n<\/ul>\n<p style=\"text-align: justify;\">Post-estudio<\/p>\n<p style=\"text-align: justify;\">Se dise\u00f1a un plan de vida y se asesora sobre los ajustes necesarios para evitar el desarrollo de enfermedades relacionadas con la edad.<\/p>\n<h2 style=\"text-align: justify;\">TERAPIA PRP PLASMA RICO EN PLAQUETAS<\/h2>\n<p style=\"text-align: justify;\"><strong>Terapia del rejuvenecimiento de la piel PRP<\/strong><\/p>\n<p style=\"text-align: justify;\">La terapia de Plasma Rico en Plaquetas [PRP] para el rejuvenecimiento de la piel utiliza el potencial del \u00a0propio cuerpo para mejorar la textura y el tono de su piel. De forma natural, reduce arrugas y manchas tales como las cicatrices del acn\u00e9 y puede ser usado como parte de sus rituales de salud y belleza para mejorar la condici\u00f3n general de la piel, su tono y su textura.<\/p>\n<p style=\"text-align: justify;\">Esta terapia es un m\u00e9todo natural para mejorar la piel, en la que se utilizan los propios factores de crecimiento tisular con propiedades curativas para revitalizar la piel, mejorando el suministro de sangre y estimulando la formaci\u00f3n de col\u00e1geno. Con esta terapia se adquiere una mejora del estado de la piel que sugiere \u00a0que sus resultados de rejuvenecimiento prevalecen m\u00e1s en el tiempo que en los tratamientos qu\u00edmicos<\/p>\n<\/div>\n<\/div><\/section><br \/>\n<div  class='av-social-sharing-box av-av_social_share-981f7761336080d54c04d7ac30ef78f7 av-social-sharing-box-default  avia-builder-el-4  el_after_av_textblock  avia-builder-el-last  av-social-sharing-box-fullwidth'><div class=\"av-share-box\"><h5 class='av-share-link-description av-no-toc '>Share this entry<\/h5><ul class=\"av-share-box-list noLightbox\"><li class='av-share-link av-social-link-facebook' ><a target=\"_blank\" aria-label=\"Compartir en Facebook\" href='https:\/\/www.facebook.com\/sharer.php?u=https:\/\/costacalidamedicalwellness.com\/es\/tratamientos\/chequeo-anti-envejecimiento\/&#038;t=Anti-Aging%20Check-Up' aria-hidden='false' data-av_icon='\ue8f3' data-av_iconfont='entypo-fontello' title='' data-avia-related-tooltip='Compartir en Facebook' rel=\"noopener\"><span class='avia_hidden_link_text'>Compartir en Facebook<\/span><\/a><\/li><li class='av-share-link av-social-link-twitter' ><a target=\"_blank\" aria-label=\"Compartir en Twitter\" href='https:\/\/twitter.com\/share?text=Anti-Aging%20Check-Up&#038;url=https:\/\/wp.me\/P7QSgo-8d' aria-hidden='false' data-av_icon='\ue8f1' data-av_iconfont='entypo-fontello' title='' data-avia-related-tooltip='Compartir en Twitter' rel=\"noopener\"><span class='avia_hidden_link_text'>Compartir en Twitter<\/span><\/a><\/li><li class='av-share-link av-social-link-whatsapp' ><a target=\"_blank\" aria-label=\"Compartir en WhatsApp\" href='https:\/\/api.whatsapp.com\/send?text=https:\/\/costacalidamedicalwellness.com\/es\/tratamientos\/chequeo-anti-envejecimiento\/' aria-hidden='false' data-av_icon='\uf232' data-av_iconfont='entypo-fontello' title='' data-avia-related-tooltip='Compartir en WhatsApp' rel=\"noopener\"><span class='avia_hidden_link_text'>Compartir en WhatsApp<\/span><\/a><\/li><li class='av-share-link av-social-link-pinterest' ><a target=\"_blank\" aria-label=\"Compartir en Pinterest\" href='https:\/\/pinterest.com\/pin\/create\/button\/?url=https%3A%2F%2Fcostacalidamedicalwellness.com%2Fes%2Ftratamientos%2Fchequeo-anti-envejecimiento%2F&#038;description=Anti-Aging%20Check-Up&#038;media=' aria-hidden='false' data-av_icon='\ue8f8' data-av_iconfont='entypo-fontello' title='' data-avia-related-tooltip='Compartir en Pinterest' rel=\"noopener\"><span class='avia_hidden_link_text'>Compartir en Pinterest<\/span><\/a><\/li><li class='av-share-link av-social-link-linkedin' ><a target=\"_blank\" aria-label=\"Compartir en LinkedIn\" href='https:\/\/linkedin.com\/shareArticle?mini=true&#038;title=Anti-Aging%20Check-Up&#038;url=https:\/\/costacalidamedicalwellness.com\/es\/tratamientos\/chequeo-anti-envejecimiento\/' aria-hidden='false' data-av_icon='\ue8fc' data-av_iconfont='entypo-fontello' title='' data-avia-related-tooltip='Compartir en LinkedIn' rel=\"noopener\"><span class='avia_hidden_link_text'>Compartir en LinkedIn<\/span><\/a><\/li><li class='av-share-link av-social-link-mail' ><a  aria-label=\"Compartir por correo\" href='mailto:?subject=Anti-Aging%20Check-Up&#038;body=https:\/\/costacalidamedicalwellness.com\/es\/tratamientos\/chequeo-anti-envejecimiento\/' aria-hidden='false' data-av_icon='\ue805' data-av_iconfont='entypo-fontello' title='' data-avia-related-tooltip='Compartir por correo'><span class='avia_hidden_link_text'>Compartir por correo<\/span><\/a><\/li><\/ul><\/div><\/div><\/p><\/div>\n","protected":false},"excerpt":{"rendered":"","protected":false},"author":1,"featured_media":0,"parent":434,"menu_order":0,"comment_status":"closed","ping_status":"closed","template":"","meta":{"footnotes":""},"class_list":["post-509","page","type-page","status-publish","hentry"],"yoast_head":"<!-- This site is optimized with the Yoast SEO plugin v27.6 - https:\/\/yoast.com\/product\/yoast-seo-wordpress\/ -->\n<title>Anti-Aging Check-Up - Costa Calida Medical Wellness<\/title>\n<meta name=\"robots\" content=\"index, follow, max-snippet:-1, max-image-preview:large, max-video-preview:-1\" \/>\n<link rel=\"canonical\" href=\"https:\/\/costacalidamedicalwellness.com\/es\/tratamientos\/chequeo-anti-envejecimiento\/\" \/>\n<meta property=\"og:locale\" content=\"es_ES\" \/>\n<meta property=\"og:type\" content=\"article\" \/>\n<meta property=\"og:title\" content=\"Anti-Aging Check-Up - Costa Calida Medical Wellness\" \/>\n<meta property=\"og:url\" content=\"https:\/\/costacalidamedicalwellness.com\/es\/tratamientos\/chequeo-anti-envejecimiento\/\" \/>\n<meta property=\"og:site_name\" content=\"Costa Calida Medical Wellness\" \/>\n<meta property=\"article:modified_time\" content=\"2016-09-06T09:20:10+00:00\" \/>\n<meta name=\"twitter:card\" content=\"summary_large_image\" \/>\n<meta name=\"twitter:label1\" content=\"Tiempo de lectura\" \/>\n\t<meta name=\"twitter:data1\" content=\"3 minutos\" \/>\n<script type=\"application\/ld+json\" class=\"yoast-schema-graph\">{\"@context\":\"https:\\\/\\\/schema.org\",\"@graph\":[{\"@type\":\"WebPage\",\"@id\":\"https:\\\/\\\/costacalidamedicalwellness.com\\\/es\\\/tratamientos\\\/chequeo-anti-envejecimiento\\\/\",\"url\":\"https:\\\/\\\/costacalidamedicalwellness.com\\\/es\\\/tratamientos\\\/chequeo-anti-envejecimiento\\\/\",\"name\":\"Anti-Aging Check-Up - Costa Calida Medical Wellness\",\"isPartOf\":{\"@id\":\"https:\\\/\\\/costacalidamedicalwellness.com\\\/es\\\/#website\"},\"datePublished\":\"2016-06-18T08:36:55+00:00\",\"dateModified\":\"2016-09-06T09:20:10+00:00\",\"breadcrumb\":{\"@id\":\"https:\\\/\\\/costacalidamedicalwellness.com\\\/es\\\/tratamientos\\\/chequeo-anti-envejecimiento\\\/#breadcrumb\"},\"inLanguage\":\"es\",\"potentialAction\":[{\"@type\":\"ReadAction\",\"target\":[\"https:\\\/\\\/costacalidamedicalwellness.com\\\/es\\\/tratamientos\\\/chequeo-anti-envejecimiento\\\/\"]}]},{\"@type\":\"BreadcrumbList\",\"@id\":\"https:\\\/\\\/costacalidamedicalwellness.com\\\/es\\\/tratamientos\\\/chequeo-anti-envejecimiento\\\/#breadcrumb\",\"itemListElement\":[{\"@type\":\"ListItem\",\"position\":1,\"name\":\"Portada\",\"item\":\"https:\\\/\\\/costacalidamedicalwellness.com\\\/es\\\/\"},{\"@type\":\"ListItem\",\"position\":2,\"name\":\"Treatments\",\"item\":\"https:\\\/\\\/costacalidamedicalwellness.com\\\/es\\\/tratamientos\\\/\"},{\"@type\":\"ListItem\",\"position\":3,\"name\":\"Anti-Aging Check-Up\"}]},{\"@type\":\"WebSite\",\"@id\":\"https:\\\/\\\/costacalidamedicalwellness.com\\\/es\\\/#website\",\"url\":\"https:\\\/\\\/costacalidamedicalwellness.com\\\/es\\\/\",\"name\":\"Costa Calida Medical Wellness\",\"description\":\"Salud personal, nutrici\u00f3n y coach en Espa\u00f1a.\",\"potentialAction\":[{\"@type\":\"SearchAction\",\"target\":{\"@type\":\"EntryPoint\",\"urlTemplate\":\"https:\\\/\\\/costacalidamedicalwellness.com\\\/es\\\/?s={search_term_string}\"},\"query-input\":{\"@type\":\"PropertyValueSpecification\",\"valueRequired\":true,\"valueName\":\"search_term_string\"}}],\"inLanguage\":\"es\"}]}<\/script>\n<!-- \/ Yoast SEO plugin. -->","yoast_head_json":{"title":"Anti-Aging Check-Up - Costa Calida Medical Wellness","robots":{"index":"index","follow":"follow","max-snippet":"max-snippet:-1","max-image-preview":"max-image-preview:large","max-video-preview":"max-video-preview:-1"},"canonical":"https:\/\/costacalidamedicalwellness.com\/es\/tratamientos\/chequeo-anti-envejecimiento\/","og_locale":"es_ES","og_type":"article","og_title":"Anti-Aging Check-Up - Costa Calida Medical Wellness","og_url":"https:\/\/costacalidamedicalwellness.com\/es\/tratamientos\/chequeo-anti-envejecimiento\/","og_site_name":"Costa Calida Medical Wellness","article_modified_time":"2016-09-06T09:20:10+00:00","twitter_card":"summary_large_image","twitter_misc":{"Tiempo de lectura":"3 minutos"},"schema":{"@context":"https:\/\/schema.org","@graph":[{"@type":"WebPage","@id":"https:\/\/costacalidamedicalwellness.com\/es\/tratamientos\/chequeo-anti-envejecimiento\/","url":"https:\/\/costacalidamedicalwellness.com\/es\/tratamientos\/chequeo-anti-envejecimiento\/","name":"Anti-Aging Check-Up - Costa Calida Medical Wellness","isPartOf":{"@id":"https:\/\/costacalidamedicalwellness.com\/es\/#website"},"datePublished":"2016-06-18T08:36:55+00:00","dateModified":"2016-09-06T09:20:10+00:00","breadcrumb":{"@id":"https:\/\/costacalidamedicalwellness.com\/es\/tratamientos\/chequeo-anti-envejecimiento\/#breadcrumb"},"inLanguage":"es","potentialAction":[{"@type":"ReadAction","target":["https:\/\/costacalidamedicalwellness.com\/es\/tratamientos\/chequeo-anti-envejecimiento\/"]}]},{"@type":"BreadcrumbList","@id":"https:\/\/costacalidamedicalwellness.com\/es\/tratamientos\/chequeo-anti-envejecimiento\/#breadcrumb","itemListElement":[{"@type":"ListItem","position":1,"name":"Portada","item":"https:\/\/costacalidamedicalwellness.com\/es\/"},{"@type":"ListItem","position":2,"name":"Treatments","item":"https:\/\/costacalidamedicalwellness.com\/es\/tratamientos\/"},{"@type":"ListItem","position":3,"name":"Anti-Aging Check-Up"}]},{"@type":"WebSite","@id":"https:\/\/costacalidamedicalwellness.com\/es\/#website","url":"https:\/\/costacalidamedicalwellness.com\/es\/","name":"Costa Calida Medical Wellness","description":"Salud personal, nutrici\u00f3n y coach en Espa\u00f1a.","potentialAction":[{"@type":"SearchAction","target":{"@type":"EntryPoint","urlTemplate":"https:\/\/costacalidamedicalwellness.com\/es\/?s={search_term_string}"},"query-input":{"@type":"PropertyValueSpecification","valueRequired":true,"valueName":"search_term_string"}}],"inLanguage":"es"}]}},"jetpack_sharing_enabled":true,"jetpack_shortlink":"https:\/\/wp.me\/P7QSgo-8d","jetpack-related-posts":[{"id":445,"url":"https:\/\/costacalidamedicalwellness.com\/es\/all-inclusive\/","url_meta":{"origin":509,"position":0},"title":"All Inclusive","author":"W3mast3ra","date":"17 junio, 2016","format":false,"excerpt":"","rel":"","context":"Entrada similar","block_context":{"text":"Entrada similar","link":""},"img":{"alt_text":"","src":"","width":0,"height":0},"classes":[]},{"id":434,"url":"https:\/\/costacalidamedicalwellness.com\/es\/tratamientos\/","url_meta":{"origin":509,"position":1},"title":"Treatments","author":"W3mast3ra","date":"17 junio, 2016","format":false,"excerpt":"","rel":"","context":"Entrada similar","block_context":{"text":"Entrada similar","link":""},"img":{"alt_text":"","src":"","width":0,"height":0},"classes":[]},{"id":521,"url":"https:\/\/costacalidamedicalwellness.com\/es\/tratamientos\/genital-rejuvenation\/","url_meta":{"origin":509,"position":2},"title":"Genital Rejuvenation","author":"W3mast3ra","date":"18 junio, 2016","format":false,"excerpt":"","rel":"","context":"Entrada similar","block_context":{"text":"Entrada similar","link":""},"img":{"alt_text":"","src":"","width":0,"height":0},"classes":[]},{"id":492,"url":"https:\/\/costacalidamedicalwellness.com\/es\/tratamientos\/facial-aesthetic\/","url_meta":{"origin":509,"position":3},"title":"Facial Aesthetic","author":"W3mast3ra","date":"18 junio, 2016","format":false,"excerpt":"","rel":"","context":"Entrada similar","block_context":{"text":"Entrada similar","link":""},"img":{"alt_text":"","src":"","width":0,"height":0},"classes":[]},{"id":499,"url":"https:\/\/costacalidamedicalwellness.com\/es\/tratamientos\/plastic-surgery\/","url_meta":{"origin":509,"position":4},"title":"Plastic Surgery","author":"W3mast3ra","date":"18 junio, 2016","format":false,"excerpt":"","rel":"","context":"Entrada similar","block_context":{"text":"Entrada similar","link":""},"img":{"alt_text":"","src":"","width":0,"height":0},"classes":[]},{"id":259,"url":"https:\/\/costacalidamedicalwellness.com\/es\/blog\/","url_meta":{"origin":509,"position":5},"title":"Blog","author":"W3mast3ra","date":"23 mayo, 2016","format":false,"excerpt":"","rel":"","context":"Entrada similar","block_context":{"text":"Entrada similar","link":""},"img":{"alt_text":"","src":"","width":0,"height":0},"classes":[]}],"_links":{"self":[{"href":"https:\/\/costacalidamedicalwellness.com\/es\/wp-json\/wp\/v2\/pages\/509","targetHints":{"allow":["GET"]}}],"collection":[{"href":"https:\/\/costacalidamedicalwellness.com\/es\/wp-json\/wp\/v2\/pages"}],"about":[{"href":"https:\/\/costacalidamedicalwellness.com\/es\/wp-json\/wp\/v2\/types\/page"}],"author":[{"embeddable":true,"href":"https:\/\/costacalidamedicalwellness.com\/es\/wp-json\/wp\/v2\/users\/1"}],"replies":[{"embeddable":true,"href":"https:\/\/costacalidamedicalwellness.com\/es\/wp-json\/wp\/v2\/comments?post=509"}],"version-history":[{"count":3,"href":"https:\/\/costacalidamedicalwellness.com\/es\/wp-json\/wp\/v2\/pages\/509\/revisions"}],"predecessor-version":[{"id":791,"href":"https:\/\/costacalidamedicalwellness.com\/es\/wp-json\/wp\/v2\/pages\/509\/revisions\/791"}],"up":[{"embeddable":true,"href":"https:\/\/costacalidamedicalwellness.com\/es\/wp-json\/wp\/v2\/pages\/434"}],"wp:attachment":[{"href":"https:\/\/costacalidamedicalwellness.com\/es\/wp-json\/wp\/v2\/media?parent=509"}],"curies":[{"name":"wp","href":"https:\/\/api.w.org\/{rel}","templated":true}]}}